{"id":1661,"date":"2025-12-19T00:51:34","date_gmt":"2025-12-19T00:51:34","guid":{"rendered":"https:\/\/cigarshub.co.uk\/?post_type=product&#038;p=1661"},"modified":"2025-12-19T00:54:37","modified_gmt":"2025-12-19T00:54:37","slug":"buy-cohiba-robustos-cigar-pack-of-3","status":"publish","type":"product","link":"https:\/\/cigarshub.co.uk\/?product=buy-cohiba-robustos-cigar-pack-of-3","title":{"rendered":"Cohiba Robustos Cigar &#8211; Pack of 3"},"content":{"rendered":"<h1 data-start=\"299\" data-end=\"342\"><strong data-start=\"301\" data-end=\"342\">Buy Cohiba Robustos Cigar \u2013 Pack of 3<\/strong><\/h1>\n<p data-start=\"344\" data-end=\"953\">The <strong data-start=\"348\" data-end=\"389\">Buy Cohiba Robustos Cigar \u2013 Pack of 3<\/strong> delivers an exceptional Cuban smoking experience for enthusiasts, collectors, and connoisseurs across South East England and the UK\u2019s top-populated regions. Each cigar combines premium Cuban tobacco, expert craftsmanship, and a smooth, full-bodied draw. Moreover, the convenient 3-pack allows smokers to enjoy multiple high-quality cigars while maintaining freshness and flavour. Consequently, buyers in London, Kent, Surrey, Sussex, and Hampshire consistently choose this Robustos 3-pack for personal enjoyment, gifting, and enhancing their humidor collection.<\/p>\n<h2 data-start=\"960\" data-end=\"1010\"><strong data-start=\"963\" data-end=\"1010\">Buy Cohiba Robustos Cigar Pack Online UK<\/strong><\/h2>\n<p data-start=\"1011\" data-end=\"1609\">Collectors searching for <strong data-start=\"1036\" data-end=\"1087\">authentic Cohiba Robustos cigars pack online UK<\/strong> value verified origin, guaranteed freshness, and secure delivery. Furthermore, this 3-pack offers the perfect combination of convenience and luxury, allowing smokers to sample premium Cuban cigars without committing to a full cabinet. Additionally, reputable online retailers provide fast shipping across South East England, including London, Kent, Surrey, Sussex, and Hampshire. Because the Robustos remains highly sought-after, buying promptly ensures access to genuine cigars with reliable service and peace of mind.<\/p>\n<h2 data-start=\"1616\" data-end=\"1688\"><strong data-start=\"1619\" data-end=\"1688\">Premium Cuban Cigars for Connoisseurs in London and UK Regions<\/strong><\/h2>\n<p data-start=\"1689\" data-end=\"2257\">The <strong data-start=\"1693\" data-end=\"1730\">Cohiba Robustos Cigar \u2013 Pack of 3<\/strong> delivers rich, complex flavours for smokers who appreciate Cuban craftsmanship. Moreover, each draw reveals layers of cedar, espresso, and creamy tobacco, gradually unfolding to offer a balanced and satisfying smoking experience. Additionally, the Robustos shape enhances both aroma and taste, making these cigars ideal for seasoned smokers and those exploring premium Cuban cigars. Since London, Birmingham, Manchester, and Glasgow show strong demand for luxury Cuban cigars, this 3-pack remains a top choice across the UK.<\/p>\n<h2 data-start=\"2264\" data-end=\"2308\"><strong data-start=\"2267\" data-end=\"2308\">Perfect Gift for Special Occasions<\/strong><\/h2>\n<p data-start=\"2309\" data-end=\"2824\">Many buyers seek <strong data-start=\"2326\" data-end=\"2367\">Cohiba Robustos 3-pack UK for gifting<\/strong>, especially for birthdays, anniversaries, or milestone celebrations. Furthermore, this 3-pack provides a thoughtful presentation and convenient packaging that preserves each cigar\u2019s freshness. Additionally, the consistent construction, aroma, and flavour impress both novice and experienced smokers alike. Because this pack combines luxury, Cuban heritage, and practicality, it remains highly coveted across South East England and other major UK regions.<\/p>\n<h2 data-start=\"2831\" data-end=\"2882\"><strong data-start=\"2834\" data-end=\"2882\">Fast Delivery and Guaranteed Authenticity<\/strong><\/h2>\n<p data-start=\"2883\" data-end=\"3399\">Customers in South East England rely on <strong data-start=\"2923\" data-end=\"2981\">fast delivery of authentic Cohiba Robustos cigars pack<\/strong> to ensure optimal freshness and quality. Moreover, online retailers package each 3-pack carefully to maintain humidity and prevent damage during transit. Additionally, ordering online allows collectors to secure rare Cuban cigars without visiting multiple stores. Because demand remains high, prompt purchasing ensures smokers in London, Kent, Surrey, Sussex, and Hampshire receive genuine Cuban cigars efficiently.<\/p>\n<h2 data-start=\"3406\" data-end=\"3477\"><strong data-start=\"3409\" data-end=\"3477\">Experience Heritage, Luxury, and Flavour with Cohiba Robustos<\/strong><\/h2>\n<p data-start=\"3478\" data-end=\"4003\">The <strong data-start=\"3482\" data-end=\"3523\">Buy Cohiba Robustos Cigar \u2013 Pack of 3<\/strong> combines Cuban heritage, expert craftsmanship, and luxurious smoking pleasure. Moreover, this 3-pack allows smokers to enjoy multiple premium cigars at once while preserving flavour, aroma, and freshness. Additionally, these cigars pair perfectly with fine whisky, rum, or espresso, elevating the tasting experience. Consequently, collectors and enthusiasts across South East England and the UK consider this 3-pack essential for personal enjoyment, gifting, and humidor value.<\/p>\n","protected":false},"excerpt":{"rendered":"<p><strong>Length<\/strong>: 4 7\/8&#8243;<br \/>\n<strong>Ring<\/strong>\u00a0<strong>Gauge<\/strong>: 50<br \/>\n<strong>Strength<\/strong>: Medium to Full<\/p>\n<p><strong>Packaging<\/strong>: Pack of 5<br \/>\n<strong>Vitola<\/strong>: Robusto<br \/>\n<strong>Smoking<\/strong>\u00a0<strong>Time<\/strong>: 45 Minutes<\/p>\n<p><strong>COHIBA<\/strong><\/p>\n<p>Cohiba is the flagship brand of Habanos.<\/p>\n<p>It was created in 1966 for President Fidel Castro himself and was made at the then top secret, but now world famous,\u00a0<em>El LLaguito<\/em>\u00a0factory. At first, it was only seen outside Cuba as gifts for heads of state and visiting diplomats.<\/p>\n<p>Since 1982 Cohiba has been available in limited quantities to the open market.<\/p>\n<p>The name is an ancient Taino Indian word for the bunches of tobacco leaves that Columbus first saw being smoked by the original inhabitants of Cuba &#8211; the earliest known form of a Habano.<\/p>\n<p>The leaves for Cohiba are the &#8220;selection of selection&#8221; from the 5 finest\u00a0<em>Vegas de Primera<\/em>\u00a0in<em>\u00a0San Juan y Martinez<\/em>\u00a0and\u00a0<em>San Luis<\/em>\u00a0districts of the\u00a0<em>Vuelta Abajo<\/em>\u00a0zone.<\/p>\n<p>Uniquely amongst Habanos up to three of Cohiba&#8217;s filler leaves , the seco, ligero and the rare medio tiempo, undergo an additional fermentation in barrels. This unique process produces a special aroma and flavour you will only find in Cohiba.<\/p>\n<p>Cohiba encompasses four different \u2018L\u00edneas\u2019 or Lines: L\u00ednea Cl\u00e1sica, L\u00ednea 1492, L\u00ednea Maduro 5 and finally the L\u00ednea Behike range.<\/p>\n<p>Through such constant innovation, Cohiba has held its position at the leading edge of the cigar world. It was also the first Havana brand to offer a Reserva cigar in 2002 and a Gran Reserva in 2009 made with tobaccos specially aged for a minimum of three and five years respectively.<\/p>\n<p>All Cohiba sizes are \u2018totalmente a mano, tripa larga\u2019, \u2013 long filler, totally handmade.<\/p>\n<p><strong>ROBUSTO &#8211; La Linea Classica<\/strong><\/p>\n<p>The cigar that sparked the Robusto revolution from 1989 onwards and remains firmly in the vanguard of this important vitola. Rich, deep, spicy and not to be missed.<\/p>\n","protected":false},"featured_media":1665,"comment_status":"open","ping_status":"closed","template":"","meta":{"_acf_changed":false,"inline_featured_image":false,"_uag_custom_page_level_css":""},"product_brand":[],"product_cat":[17],"product_tag":[18367,18369,18362,18264,18374,17158,18364,18363,18354,18371,17288,18052,18368,3983,17394,17533,18260,18359,18365,18358,18256,18373,18346,18351,18372,18243,18262,18370,18259,18250,18248,18375,18254,18261,18241,18244,18353,18345,18263,18251,18357,18246,18258,18253,18247,18249,18252,18352,18361,18255,785,1227,2076,17236,18257,4259,4645,15434,17425,18360,157,18366,18355,17529,14888,17535,3235,160,18067,3361],"class_list":{"0":"post-1661","1":"product","2":"type-product","3":"status-publish","4":"has-post-thumbnail","6":"product_cat-buy-cohiba-cigars-online-in-south-east-england","7":"product_tag-authentic-cohiba-robustos-cigar-pack-uk","8":"product_tag-best-cohiba-robustos-cigar-pack-uk","9":"product_tag-best-cuban-cigars-for-collectors-uk","10":"product_tag-best-selling-cohiba-robustos-uk","11":"product_tag-buy-authentic-cohiba-robustos-pack-uk","12":"product_tag-buy-authentic-cuban-cigars-uk","13":"product_tag-buy-cohiba-robustos-3-pack-uk","14":"product_tag-buy-cohiba-robustos-cigar-pack-of-3","15":"product_tag-buy-cohiba-robustos-cigars-online-uk","16":"product_tag-buy-cohiba-robustos-cigars-pack-south-east-england","17":"product_tag-buy-cuban-cigars-south-east-england","18":"product_tag-buy-premium-cuban-cigars-online-uk","19":"product_tag-buy-rare-cohiba-robustos-pack-uk","20":"product_tag-buy-single-cuban-cigar-uk","21":"product_tag-cohiba-cigars-for-collectors-uk","22":"product_tag-cohiba-cigars-online-south-east-england","23":"product_tag-cohiba-robustos-authenticity-uk","24":"product_tag-cohiba-robustos-cigar-bundle-uk","25":"product_tag-cohiba-robustos-cigars-pack-online-uk","26":"product_tag-cohiba-robustos-collector-pack-uk","27":"product_tag-cohiba-robustos-collector-uk","28":"product_tag-cohiba-robustos-collectors-pack-uk","29":"product_tag-cohiba-robustos-corporate-gift-uk","30":"product_tag-cohiba-robustos-cuban-cigars-south-east-england","31":"product_tag-cohiba-robustos-exclusive-pack-uk","32":"product_tag-cohiba-robustos-fast-delivery","33":"product_tag-cohiba-robustos-fast-uk-shipping","34":"product_tag-cohiba-robustos-gift-pack-uk","35":"product_tag-cohiba-robustos-guaranteed-freshness","36":"product_tag-cohiba-robustos-hampshire","37":"product_tag-cohiba-robustos-kent","38":"product_tag-cohiba-robustos-limited-edition-pack-uk","39":"product_tag-cohiba-robustos-limited-edition-uk","40":"product_tag-cohiba-robustos-limited-stock-uk","41":"product_tag-cohiba-robustos-london","42":"product_tag-cohiba-robustos-london-online","43":"product_tag-cohiba-robustos-luxury-cigar-pack-uk","44":"product_tag-cohiba-robustos-luxury-gift-uk","45":"product_tag-cohiba-robustos-online-shop-uk","46":"product_tag-cohiba-robustos-price-uk","47":"product_tag-cohiba-robustos-rare-cuban-cigars-uk","48":"product_tag-cohiba-robustos-review-uk","49":"product_tag-cohiba-robustos-series-uk","50":"product_tag-cohiba-robustos-smoking-experience-uk","51":"product_tag-cohiba-robustos-surrey","52":"product_tag-cohiba-robustos-sussex","53":"product_tag-cohiba-robustos-tasting-notes","54":"product_tag-cohiba-robustos-top-rated-cuban-cigars-uk","55":"product_tag-cohiba-robustos-uk-delivery","56":"product_tag-cohiba-robustos-uk-stock","57":"product_tag-cuban-cigar-deals-uk","58":"product_tag-cuban-cigar-gifts-uk","59":"product_tag-cuban-cigar-online-shop-uk","60":"product_tag-cuban-cigars-south-east-england","61":"product_tag-cuban-robusto-cigar-uk","62":"product_tag-elite-cuban-cigars-uk","63":"product_tag-handmade-cuban-cigars-uk","64":"product_tag-high-end-cuban-cigars-uk","65":"product_tag-luxury-cigars-london-uk","66":"product_tag-luxury-cuban-cigars-online-south-east-england","67":"product_tag-luxury-cuban-cigars-uk","68":"product_tag-premium-cohiba-robustos-cigar-pack-uk","69":"product_tag-premium-cohiba-robustos-cigars-south-east-england","70":"product_tag-premium-cuban-cigar-delivery-uk","71":"product_tag-premium-cuban-cigars-london","72":"product_tag-rare-cigar-delivery-uk","73":"product_tag-rare-cuban-cigars-uk","74":"product_tag-top-cuban-cigars-uk","75":"product_tag-top-luxury-cuban-cigars-uk","76":"product_tag-top-rated-cuban-cigars-uk","78":"first","79":"instock","80":"shipping-taxable","81":"purchasable","82":"product-type-simple"},"acf":[],"yoast_head":"<!-- This site is optimized with the Yoast SEO plugin v27.3 - https:\/\/yoast.com\/product\/yoast-seo-wordpress\/ -->\n<title>Buy Cohiba Robustos Cigar \u2013 Pack of 3<\/title>\n<meta name=\"description\" content=\"Buy Cohiba Robustos Cigar \u2013 Pack of 3. Because the Robustos remains highly sought-after, buying promptly ensures access to genuine cigars with reliable service and peace of mind.\" \/>\n<meta name=\"robots\" content=\"index, follow, max-snippet:-1, max-image-preview:large, max-video-preview:-1\" \/>\n<link rel=\"canonical\" href=\"https:\/\/cigarshub.co.uk\/?product=buy-cohiba-robustos-cigar-pack-of-3\" \/>\n<meta property=\"og:locale\" content=\"en_US\" \/>\n<meta property=\"og:type\" content=\"article\" \/>\n<meta property=\"og:title\" content=\"Buy Cohiba Robustos Cigar \u2013 Pack of 3\" \/>\n<meta property=\"og:description\" content=\"Buy Cohiba Robustos Cigar \u2013 Pack of 3. Because the Robustos remains highly sought-after, buying promptly ensures access to genuine cigars with reliable service and peace of mind.\" \/>\n<meta property=\"og:url\" content=\"https:\/\/cigarshub.co.uk\/?product=buy-cohiba-robustos-cigar-pack-of-3\" \/>\n<meta property=\"og:site_name\" content=\"cigarshub.co.uk\" \/>\n<meta property=\"article:modified_time\" content=\"2025-12-19T00:54:37+00:00\" \/>\n<meta property=\"og:image\" content=\"https:\/\/cigarshub.co.uk\/wp-content\/uploads\/2025\/12\/500x500_8_2-94.webp\" \/>\n\t<meta property=\"og:image:width\" content=\"500\" \/>\n\t<meta property=\"og:image:height\" content=\"500\" \/>\n\t<meta property=\"og:image:type\" content=\"image\/webp\" \/>\n<meta name=\"twitter:card\" content=\"summary_large_image\" \/>\n<meta name=\"twitter:label1\" content=\"Est. reading time\" \/>\n\t<meta name=\"twitter:data1\" content=\"3 minutes\" \/>\n<script type=\"application\/ld+json\" class=\"yoast-schema-graph\">{\"@context\":\"https:\\\/\\\/schema.org\",\"@graph\":[{\"@type\":\"WebPage\",\"@id\":\"https:\\\/\\\/cigarshub.co.uk\\\/?product=buy-cohiba-robustos-cigar-pack-of-3\",\"url\":\"https:\\\/\\\/cigarshub.co.uk\\\/?product=buy-cohiba-robustos-cigar-pack-of-3\",\"name\":\"Buy Cohiba Robustos Cigar \u2013 Pack of 3\",\"isPartOf\":{\"@id\":\"https:\\\/\\\/cigarshub.co.uk\\\/#website\"},\"primaryImageOfPage\":{\"@id\":\"https:\\\/\\\/cigarshub.co.uk\\\/?product=buy-cohiba-robustos-cigar-pack-of-3#primaryimage\"},\"image\":{\"@id\":\"https:\\\/\\\/cigarshub.co.uk\\\/?product=buy-cohiba-robustos-cigar-pack-of-3#primaryimage\"},\"thumbnailUrl\":\"https:\\\/\\\/cigarshub.co.uk\\\/wp-content\\\/uploads\\\/2025\\\/12\\\/500x500_8_2-94.webp\",\"datePublished\":\"2025-12-19T00:51:34+00:00\",\"dateModified\":\"2025-12-19T00:54:37+00:00\",\"description\":\"Buy Cohiba Robustos Cigar \u2013 Pack of 3. Because the Robustos remains highly sought-after, buying promptly ensures access to genuine cigars with reliable service and peace of mind.\",\"breadcrumb\":{\"@id\":\"https:\\\/\\\/cigarshub.co.uk\\\/?product=buy-cohiba-robustos-cigar-pack-of-3#breadcrumb\"},\"inLanguage\":\"en-US\",\"potentialAction\":[{\"@type\":\"ReadAction\",\"target\":[\"https:\\\/\\\/cigarshub.co.uk\\\/?product=buy-cohiba-robustos-cigar-pack-of-3\"]}]},{\"@type\":\"ImageObject\",\"inLanguage\":\"en-US\",\"@id\":\"https:\\\/\\\/cigarshub.co.uk\\\/?product=buy-cohiba-robustos-cigar-pack-of-3#primaryimage\",\"url\":\"https:\\\/\\\/cigarshub.co.uk\\\/wp-content\\\/uploads\\\/2025\\\/12\\\/500x500_8_2-94.webp\",\"contentUrl\":\"https:\\\/\\\/cigarshub.co.uk\\\/wp-content\\\/uploads\\\/2025\\\/12\\\/500x500_8_2-94.webp\",\"width\":500,\"height\":500,\"caption\":\"Buy Cohiba Robustos Cigar \u2013 Pack of 3\"},{\"@type\":\"BreadcrumbList\",\"@id\":\"https:\\\/\\\/cigarshub.co.uk\\\/?product=buy-cohiba-robustos-cigar-pack-of-3#breadcrumb\",\"itemListElement\":[{\"@type\":\"ListItem\",\"position\":1,\"name\":\"Home\",\"item\":\"https:\\\/\\\/cigarshub.co.uk\\\/\"},{\"@type\":\"ListItem\",\"position\":2,\"name\":\"Shop\",\"item\":\"https:\\\/\\\/cigarshub.co.uk\\\/?page_id=9\"},{\"@type\":\"ListItem\",\"position\":3,\"name\":\"Cohiba Robustos Cigar &#8211; Pack of 3\"}]},{\"@type\":\"WebSite\",\"@id\":\"https:\\\/\\\/cigarshub.co.uk\\\/#website\",\"url\":\"https:\\\/\\\/cigarshub.co.uk\\\/\",\"name\":\"cigarshub.co.uk\",\"description\":\"\",\"potentialAction\":[{\"@type\":\"SearchAction\",\"target\":{\"@type\":\"EntryPoint\",\"urlTemplate\":\"https:\\\/\\\/cigarshub.co.uk\\\/?s={search_term_string}\"},\"query-input\":{\"@type\":\"PropertyValueSpecification\",\"valueRequired\":true,\"valueName\":\"search_term_string\"}}],\"inLanguage\":\"en-US\"}]}<\/script>\n<!-- \/ Yoast SEO plugin. -->","yoast_head_json":{"title":"Buy Cohiba Robustos Cigar \u2013 Pack of 3","description":"Buy Cohiba Robustos Cigar \u2013 Pack of 3. Because the Robustos remains highly sought-after, buying promptly ensures access to genuine cigars with reliable service and peace of mind.","robots":{"index":"index","follow":"follow","max-snippet":"max-snippet:-1","max-image-preview":"max-image-preview:large","max-video-preview":"max-video-preview:-1"},"canonical":"https:\/\/cigarshub.co.uk\/?product=buy-cohiba-robustos-cigar-pack-of-3","og_locale":"en_US","og_type":"article","og_title":"Buy Cohiba Robustos Cigar \u2013 Pack of 3","og_description":"Buy Cohiba Robustos Cigar \u2013 Pack of 3. Because the Robustos remains highly sought-after, buying promptly ensures access to genuine cigars with reliable service and peace of mind.","og_url":"https:\/\/cigarshub.co.uk\/?product=buy-cohiba-robustos-cigar-pack-of-3","og_site_name":"cigarshub.co.uk","article_modified_time":"2025-12-19T00:54:37+00:00","og_image":[{"width":500,"height":500,"url":"https:\/\/cigarshub.co.uk\/wp-content\/uploads\/2025\/12\/500x500_8_2-94.webp","type":"image\/webp"}],"twitter_card":"summary_large_image","twitter_misc":{"Est. reading time":"3 minutes"},"schema":{"@context":"https:\/\/schema.org","@graph":[{"@type":"WebPage","@id":"https:\/\/cigarshub.co.uk\/?product=buy-cohiba-robustos-cigar-pack-of-3","url":"https:\/\/cigarshub.co.uk\/?product=buy-cohiba-robustos-cigar-pack-of-3","name":"Buy Cohiba Robustos Cigar \u2013 Pack of 3","isPartOf":{"@id":"https:\/\/cigarshub.co.uk\/#website"},"primaryImageOfPage":{"@id":"https:\/\/cigarshub.co.uk\/?product=buy-cohiba-robustos-cigar-pack-of-3#primaryimage"},"image":{"@id":"https:\/\/cigarshub.co.uk\/?product=buy-cohiba-robustos-cigar-pack-of-3#primaryimage"},"thumbnailUrl":"https:\/\/cigarshub.co.uk\/wp-content\/uploads\/2025\/12\/500x500_8_2-94.webp","datePublished":"2025-12-19T00:51:34+00:00","dateModified":"2025-12-19T00:54:37+00:00","description":"Buy Cohiba Robustos Cigar \u2013 Pack of 3. Because the Robustos remains highly sought-after, buying promptly ensures access to genuine cigars with reliable service and peace of mind.","breadcrumb":{"@id":"https:\/\/cigarshub.co.uk\/?product=buy-cohiba-robustos-cigar-pack-of-3#breadcrumb"},"inLanguage":"en-US","potentialAction":[{"@type":"ReadAction","target":["https:\/\/cigarshub.co.uk\/?product=buy-cohiba-robustos-cigar-pack-of-3"]}]},{"@type":"ImageObject","inLanguage":"en-US","@id":"https:\/\/cigarshub.co.uk\/?product=buy-cohiba-robustos-cigar-pack-of-3#primaryimage","url":"https:\/\/cigarshub.co.uk\/wp-content\/uploads\/2025\/12\/500x500_8_2-94.webp","contentUrl":"https:\/\/cigarshub.co.uk\/wp-content\/uploads\/2025\/12\/500x500_8_2-94.webp","width":500,"height":500,"caption":"Buy Cohiba Robustos Cigar \u2013 Pack of 3"},{"@type":"BreadcrumbList","@id":"https:\/\/cigarshub.co.uk\/?product=buy-cohiba-robustos-cigar-pack-of-3#breadcrumb","itemListElement":[{"@type":"ListItem","position":1,"name":"Home","item":"https:\/\/cigarshub.co.uk\/"},{"@type":"ListItem","position":2,"name":"Shop","item":"https:\/\/cigarshub.co.uk\/?page_id=9"},{"@type":"ListItem","position":3,"name":"Cohiba Robustos Cigar &#8211; Pack of 3"}]},{"@type":"WebSite","@id":"https:\/\/cigarshub.co.uk\/#website","url":"https:\/\/cigarshub.co.uk\/","name":"cigarshub.co.uk","description":"","potentialAction":[{"@type":"SearchAction","target":{"@type":"EntryPoint","urlTemplate":"https:\/\/cigarshub.co.uk\/?s={search_term_string}"},"query-input":{"@type":"PropertyValueSpecification","valueRequired":true,"valueName":"search_term_string"}}],"inLanguage":"en-US"}]}},"uagb_featured_image_src":{"full":["https:\/\/cigarshub.co.uk\/wp-content\/uploads\/2025\/12\/500x500_8_2-94.webp",500,500,false],"thumbnail":["https:\/\/cigarshub.co.uk\/wp-content\/uploads\/2025\/12\/500x500_8_2-94-150x150.webp",150,150,true],"medium":["https:\/\/cigarshub.co.uk\/wp-content\/uploads\/2025\/12\/500x500_8_2-94-300x300.webp",300,300,true],"medium_large":["https:\/\/cigarshub.co.uk\/wp-content\/uploads\/2025\/12\/500x500_8_2-94.webp",500,500,false],"large":["https:\/\/cigarshub.co.uk\/wp-content\/uploads\/2025\/12\/500x500_8_2-94.webp",500,500,false],"1536x1536":["https:\/\/cigarshub.co.uk\/wp-content\/uploads\/2025\/12\/500x500_8_2-94.webp",500,500,false],"2048x2048":["https:\/\/cigarshub.co.uk\/wp-content\/uploads\/2025\/12\/500x500_8_2-94.webp",500,500,false],"pbmit-img-770x622":["https:\/\/cigarshub.co.uk\/wp-content\/uploads\/2025\/12\/500x500_8_2-94.webp",500,500,false],"pbmit-img-770x840":["https:\/\/cigarshub.co.uk\/wp-content\/uploads\/2025\/12\/500x500_8_2-94.webp",500,500,false],"pbmit-img-880x620":["https:\/\/cigarshub.co.uk\/wp-content\/uploads\/2025\/12\/500x500_8_2-94.webp",500,500,false],"pbmit-img-880x520":["https:\/\/cigarshub.co.uk\/wp-content\/uploads\/2025\/12\/500x500_8_2-94.webp",500,500,false],"pbmit-img-650x620":["https:\/\/cigarshub.co.uk\/wp-content\/uploads\/2025\/12\/500x500_8_2-94.webp",500,500,false],"pbmit-img-770x950":["https:\/\/cigarshub.co.uk\/wp-content\/uploads\/2025\/12\/500x500_8_2-94.webp",500,500,false],"pbmit-img-770x752":["https:\/\/cigarshub.co.uk\/wp-content\/uploads\/2025\/12\/500x500_8_2-94.webp",500,500,false],"pbmit-img-770x825":["https:\/\/cigarshub.co.uk\/wp-content\/uploads\/2025\/12\/500x500_8_2-94.webp",500,500,false],"pbmit-img-770x892":["https:\/\/cigarshub.co.uk\/wp-content\/uploads\/2025\/12\/500x500_8_2-94.webp",500,500,false],"pbmit-img-960x760":["https:\/\/cigarshub.co.uk\/wp-content\/uploads\/2025\/12\/500x500_8_2-94.webp",500,500,false],"pbmit-img-890x990":["https:\/\/cigarshub.co.uk\/wp-content\/uploads\/2025\/12\/500x500_8_2-94.webp",500,500,false],"pbmit-img-770x700":["https:\/\/cigarshub.co.uk\/wp-content\/uploads\/2025\/12\/500x500_8_2-94.webp",500,500,false],"pbmit-img-770x725":["https:\/\/cigarshub.co.uk\/wp-content\/uploads\/2025\/12\/500x500_8_2-94.webp",500,500,false],"pbmit-img-890x660":["https:\/\/cigarshub.co.uk\/wp-content\/uploads\/2025\/12\/500x500_8_2-94.webp",500,500,false],"pbmit-img-770x570":["https:\/\/cigarshub.co.uk\/wp-content\/uploads\/2025\/12\/500x500_8_2-94.webp",500,500,false],"pbmit-img-500x500":["https:\/\/cigarshub.co.uk\/wp-content\/uploads\/2025\/12\/500x500_8_2-94.webp",500,500,false],"pbmit-img-650x800":["https:\/\/cigarshub.co.uk\/wp-content\/uploads\/2025\/12\/500x500_8_2-94.webp",500,500,false],"pbmit-img-1200x650":["https:\/\/cigarshub.co.uk\/wp-content\/uploads\/2025\/12\/500x500_8_2-94.webp",500,500,false],"pbmit-img-401x334":["https:\/\/cigarshub.co.uk\/wp-content\/uploads\/2025\/12\/500x500_8_2-94-401x334.webp",401,334,true],"pbmit-img-401x488":["https:\/\/cigarshub.co.uk\/wp-content\/uploads\/2025\/12\/500x500_8_2-94-401x488.webp",401,488,true],"pbmit-img-1000x615":["https:\/\/cigarshub.co.uk\/wp-content\/uploads\/2025\/12\/500x500_8_2-94.webp",500,500,false],"pbmit-img-770x492":["https:\/\/cigarshub.co.uk\/wp-content\/uploads\/2025\/12\/500x500_8_2-94-500x492.webp",500,492,true],"pbmit-img-770x762":["https:\/\/cigarshub.co.uk\/wp-content\/uploads\/2025\/12\/500x500_8_2-94.webp",500,500,false],"pbmit-img-770x745":["https:\/\/cigarshub.co.uk\/wp-content\/uploads\/2025\/12\/500x500_8_2-94.webp",500,500,false],"pbmit-img-770x872":["https:\/\/cigarshub.co.uk\/wp-content\/uploads\/2025\/12\/500x500_8_2-94.webp",500,500,false],"pbmit-img-770x447":["https:\/\/cigarshub.co.uk\/wp-content\/uploads\/2025\/12\/500x500_8_2-94-500x447.webp",500,447,true],"pbmit-img-770x485":["https:\/\/cigarshub.co.uk\/wp-content\/uploads\/2025\/12\/500x500_8_2-94-500x485.webp",500,485,true],"pbmit-img-770x974":["https:\/\/cigarshub.co.uk\/wp-content\/uploads\/2025\/12\/500x500_8_2-94.webp",500,500,false],"woocommerce_thumbnail":["https:\/\/cigarshub.co.uk\/wp-content\/uploads\/2025\/12\/500x500_8_2-94-300x300.webp",300,300,true],"woocommerce_single":["https:\/\/cigarshub.co.uk\/wp-content\/uploads\/2025\/12\/500x500_8_2-94.webp",500,500,false],"woocommerce_gallery_thumbnail":["https:\/\/cigarshub.co.uk\/wp-content\/uploads\/2025\/12\/500x500_8_2-94-100x100.webp",100,100,true]},"uagb_author_info":{"display_name":"johnsmith2244556623@gmail.com","author_link":"https:\/\/cigarshub.co.uk\/?author=0"},"uagb_comment_info":0,"uagb_excerpt":"Length: 4 7\/8\" Ring\u00a0Gauge: 50 Strength: Medium to Full Packaging: Pack of 5 Vitola: Robusto Smoking\u00a0Time: 45 Minutes COHIBA Cohiba is the flagship brand of Habanos. It was created in 1966 for President Fidel Castro himself and was made at the then top secret, but now world famous,\u00a0El LLaguito\u00a0factory. At first, it was only seen&hellip;","_links":{"self":[{"href":"https:\/\/cigarshub.co.uk\/index.php?rest_route=\/wp\/v2\/product\/1661","targetHints":{"allow":["GET"]}}],"collection":[{"href":"https:\/\/cigarshub.co.uk\/index.php?rest_route=\/wp\/v2\/product"}],"about":[{"href":"https:\/\/cigarshub.co.uk\/index.php?rest_route=\/wp\/v2\/types\/product"}],"replies":[{"embeddable":true,"href":"https:\/\/cigarshub.co.uk\/index.php?rest_route=%2Fwp%2Fv2%2Fcomments&post=1661"}],"wp:featuredmedia":[{"embeddable":true,"href":"https:\/\/cigarshub.co.uk\/index.php?rest_route=\/wp\/v2\/media\/1665"}],"wp:attachment":[{"href":"https:\/\/cigarshub.co.uk\/index.php?rest_route=%2Fwp%2Fv2%2Fmedia&parent=1661"}],"wp:term":[{"taxonomy":"product_brand","embeddable":true,"href":"https:\/\/cigarshub.co.uk\/index.php?rest_route=%2Fwp%2Fv2%2Fproduct_brand&post=1661"},{"taxonomy":"product_cat","embeddable":true,"href":"https:\/\/cigarshub.co.uk\/index.php?rest_route=%2Fwp%2Fv2%2Fproduct_cat&post=1661"},{"taxonomy":"product_tag","embeddable":true,"href":"https:\/\/cigarshub.co.uk\/index.php?rest_route=%2Fwp%2Fv2%2Fproduct_tag&post=1661"}],"curies":[{"name":"wp","href":"https:\/\/api.w.org\/{rel}","templated":true}]}}